{"id":376,"date":"2023-05-24T20:38:49","date_gmt":"2023-05-24T18:38:49","guid":{"rendered":"https:\/\/consbahiablanca.esteri.it\/?page_id=376"},"modified":"2026-01-16T09:07:21","modified_gmt":"2026-01-16T12:07:21","slug":"referendum","status":"publish","type":"page","link":"https:\/\/consbahiablanca.esteri.it\/it\/servizi-consolari-e-visti\/servizi-per-il-cittadino-italiano\/servizi-elettorali\/referendum\/","title":{"rendered":"Referendum abrogativi 2025"},"content":{"rendered":"<p style=\"text-align: center;\"><strong>REFERENDUM ABROGATIVI DELL\u201908-09\/06\/2025<\/strong><strong>\u00a0<\/strong><\/p>\n<p>Se non hai ricevuto il plico elettorale potrai richiedere <strong>un duplicato a partire dal 25 maggio 2025. <a href=\"https:\/\/consbahiablanca.esteri.it\/it\/news\/dal_consolato\/2025\/05\/referendum-abrogativi-2025-rilascio-dei-duplicati\/\">C<\/a><\/strong><a href=\"https:\/\/consbahiablanca.esteri.it\/it\/news\/dal_consolato\/2025\/05\/referendum-abrogativi-2025-rilascio-dei-duplicati\/\">licca qui<\/a> per sapere come fare.<\/p>\n<p><a href=\"https:\/\/consbahiablanca.esteri.it\/wp-content\/uploads\/2025\/05\/ITALIANO-foglio-informativo-referendum-completo.pdf\">Clicca qui <\/a>per scaricare le istruzioni per votare.<\/p>\n<p style=\"text-align: center;\"><strong>Per cosa si vota? <\/strong><\/p>\n<p>Con i Decreti del Presidente della Repubblica del 31\/03 2025, pubblicati nella Gazzetta Ufficiale, Serie Generale, n. 75, del 31\/03\/2025, sono stati indetti <strong>5 referendum popolari abrogativi<\/strong> per:<\/p>\n<ol>\n<li>Cittadinanza italiana: Dimezzamento da 10 a 5 anni dei tempi di residenza legale in Italia dello straniero maggiorenne extracomunitario per la richiesta di concessione della cittadinanza italiana.<\/li>\n<li>Contratto di lavoro a tutele crescenti &#8211; disciplina dei licenziamenti illegittimi: Abrogazione.<\/li>\n<li>Piccole imprese &#8211; licenziamenti e relativa indennit\u00e0: Abrogazione parziale.<\/li>\n<li>Abrogazione parziale di norme in materia di apposizione di termine al contratto di lavoro subordinato, durata massima e condizioni per proroghe e rinnovi.<\/li>\n<li>Esclusione della responsabilit\u00e0 solidale del committente, dell&#8217;appaltatore e del subappaltatore per infortuni subiti dal lavoratore dipendente di impresa appaltatrice o subappaltatrice, come conseguenza dei rischi specifici propri dell&#8217;attivit\u00e0 delle imprese appaltatrici o subappaltatrici: Abrogazione.<\/li>\n<\/ol>\n<p style=\"text-align: center;\"><strong>Chi pu\u00f2 votare all\u2019estero?<\/strong><\/p>\n<ul>\n<li><strong>Gli elettori iscritti all\u2019AIRE<\/strong> (Anagrafe degli Italiani Residenti all\u2019Estero), che ricevono direttamente il plico elettorale al proprio indirizzo di residenza all\u2019estero;<\/li>\n<li><strong>Gli italiani temporaneamente all\u2019estero<\/strong> per almeno tre mesi, esclusivamente PER MOTIVI DI LAVORO, STUDIO O CURE MEDICHE, e i familiari con essi conviventi all\u2019estero.<\/li>\n<\/ul>\n<p><strong><u>ATTENZIONE<\/u><\/strong>: l\u2019elettore temporaneamente all\u2019estero deve presentare apposita richiesta al Comune italiano di residenza <strong>ENTRO IL 7 MAGGIO<\/strong> per ricevere il plico elettorale.<\/p>\n<p style=\"text-align: center;\"><strong>Quando si vota? <\/strong><\/p>\n<p><strong>In Italia<\/strong> si vota domenica 8 e luned\u00ec 9 giugno 2025.<\/p>\n<p><strong>Gli elettori all\u2019estero votano in anticipo<\/strong>, per corrispondenza. I plichi verranno spediti all\u2019indirizzo di residenza <strong>entro il 21 MAGGIO<\/strong>.<\/p>\n<p><strong><u>ATTENZIONE<\/u><\/strong>: gli elettori che <strong>ENTRO IL 25 MAGGIO non abbiano ancora ricevuto<\/strong> <strong>il plico<\/strong> elettorale potranno contattare il proprio ufficio consolare per ottenere <strong>il DUPLICATO<\/strong><\/p>\n<p style=\"text-align: center;\"><strong>Come si vota?<\/strong><\/p>\n<p><strong>Il voto avviene per corrispondenza<\/strong>. Le schede dovranno essere rispedite al consolato seguendo attentamente <strong>le indicazioni del foglio informativo<\/strong> presente nel plico elettorale ed utilizzando unicamente il materiale con esso fornito. Saranno trasmesse in Italia per lo scrutinio solamente le schede votate recapitate all\u2019ufficio consolare di riferimento <strong>ENTRO E NON OLTRE le ore 16 locali di gioved\u00ec 5 GIUGNO.<\/strong><\/p>\n<p>&nbsp;<\/p>\n<p style=\"text-align: center;\"><strong>REFERENDUM ABROGATIVI DELL\u201908-09\/06\/2025<\/strong><strong>\u00a0<\/strong><\/p>\n<p style=\"text-align: center;\"><strong>VOTO PER CORRISPONDENZA DEI CITTADINI ITALIANI RESIDENTI ALL\u2019ESTERO<\/strong><\/p>\n<p style=\"text-align: center;\"><strong>E OPZIONE PER IL VOTO IN ITALIA<\/strong><\/p>\n<p>Con decreti del Presidente della Repubblica del 31\/03\/2025, pubblicati nella Gazzetta Ufficiale del 31\/03\/2025, \u00e8 stata fissata ai giorni 8 e 9 GIUGNO 2025 la data dei referendum abrogativi ex art. 75 della Costituzione.<\/p>\n<p>Si ricorda che <strong>il VOTO \u00e8 un DIRITTO<\/strong> tutelato dalla Costituzione Italiana e che, in base alla Legge 27 dicembre 2001, n. 459, i cittadini italiani residenti all\u2019estero, iscritti nelle liste elettorali, possono<strong> VOTARE PER POSTA<\/strong>, ricevendo il plico elettorale al proprio indirizzo di residenza. A tal fine, si raccomanda di controllare e regolarizzare la propria situazione anagrafica e di indirizzo presso l\u2019Ufficio consolare competente, utilizzando preferibilmente il portale online dei servizi consolari <a href=\"https:\/\/serviziconsolari.esteri.it\/ScoFE\/index.sco\"><strong>Fast It<\/strong><\/a>.<\/p>\n<p><strong>In alternativa al voto per corrispondenza, <\/strong><strong>gli elettori iscritti all\u2019AIRE<\/strong><strong> possono SCEGLIERE DI VOTARE IN ITALIA PRESSO IL PROPRIO COMUNE DI ISCRIZIONE ELETTORALE, <\/strong><strong>comunicando <\/strong><strong>per iscritto la propria scelta (OPZIONE) al Consolato entro il 10\u00b0 giorno successivo alla indizione delle votazioni<\/strong>. Gli elettori che scelgono di votare in Italia in occasione della prossima consultazione referendaria riceveranno dai rispettivi Comuni italiani la cartolina-avviso per votare presso i seggi elettorali in Italia. La scelta (opzione) di votare in Italia vale solo per la consultazione referendaria rispetto alla quale \u00e8 espressa.<\/p>\n<p>Si ribadisce che in ogni caso<strong> l\u2019opzione DEVE <\/strong><strong>PERVENIRE<\/strong><strong> all\u2019Ufficio consolare NON OLTRE I DIECI GIORNI SUCCESSIVI A QUELLO DELL\u2019INDIZIONE DELLE VOTAZIONI, OVVERO ENTRO IL GIORNO 10\/04\/2025. <\/strong>Tale comunicazione pu\u00f2 essere scritta su carta semplice e &#8211; per essere valida &#8211; deve contenere nome, cognome, data e luogo di nascita, luogo di residenza e <strong>firma<\/strong> dell\u2019elettore, accompagnata da copia di un documento di identit\u00e0 del dichiarante.<\/p>\n<p>Per tale comunicazione si pu\u00f2 anche utilizzare l\u2019apposito modulo scaricabile dal sito web del Ministero degli Affari Esteri e della Cooperazione Internazionale (<a href=\"http:\/\/www.esteri.it\/\">www.esteri.it<\/a>) o da quello del proprio Ufficio consolare di riferimento (<a href=\"https:\/\/consbahiablanca.esteri.it\/wp-content\/uploads\/2025\/04\/2191331.1-Modulo_di_opzione_Referendum_2025-1.doc\">clicca qui<\/a> per scaricarlo).<\/p>\n<p>Il modulo, debitamente compilato, firmato e accompagnato da un documento d\u2019identit\u00e0, pu\u00f2 essere consegnato\/inviato:<\/p>\n<ul>\n<li>a mano: presso il Consolato Generale d\u2019Italia a Bahia Blanca Av. Alem 309 B8000FTR \u2013 Bah\u00eda Blanca Buenos Aires, Argentina dal luned\u00ec al venerd\u00ec dalle ore 9:00 alle ore 15:00<\/li>\n<li>per posta elettronica ordinaria: bahiablanca.elezioni@esteri.it<\/li>\n<\/ul>\n<p>Come prescritto dalla normativa vigente, sar\u00e0 cura degli elettori verificare che la comunicazione di opzione spedita per posta sia stata ricevuta in tempo utile dal proprio Ufficio consolare. Le richieste pervenute oltre il termine sopra indicato NON potranno essere ritenute valide.<\/p>\n<p>La scelta di votare in Italia pu\u00f2 essere successivamente <strong>REVOCATA<\/strong> con una comunicazione scritta da inviare o consegnare all\u2019Ufficio consolare con le stesse modalit\u00e0 ed entro la stessa data prevista per l\u2019esercizio dell\u2019opzione.<\/p>\n<p>Se si sceglie di rientrare in Italia per votare, la Legge <strong>NON<\/strong> prevede alcun tipo di <strong>rimborso<\/strong> per le spese di viaggio sostenute, ma solo agevolazioni tariffarie all\u2019interno del territorio italiano.<\/p>\n<p><strong>IL CONSOLATO GENERALE D\u2019ITALIA A BAHIA BLANCA \u00c8 A DISPOSIZIONE PER OGNI ULTERIORE CHIARIMENTO.<\/strong><\/p>\n<p>&nbsp;<\/p>\n<p>&nbsp;<\/p>\n<p>Ai sensi della legge 459\/2001 e del Regolamento di esecuzione DPR 104\/2003\u00a0<strong>i cittadini italiani residenti all\u2019estero e iscritti all\u2019AIRE votano nella circoscrizione Estero per l\u2019elezione della Camera dei deputati e del Senato della Repubblica e per i referendum di cui agli artt. 75 e 138 della Costituzione<\/strong>.<\/p>\n<p>Nell\u2019ambito della\u00a0<strong>Circoscrizione Estero<\/strong>\u00a0sono individuate le seguenti quattro ripartizioni:<\/p>\n<ul>\n<li>Europa, compresi i territori asiatici della Federazione russa e della Turchia;<\/li>\n<li>America meridionale;<\/li>\n<li>America settentrionale e centrale;<\/li>\n<li>Africa, Asia, Oceania ed Antartide.<\/li>\n<\/ul>\n<p>Il totale di parlamentari eletti nella circoscrizione estero \u00e8 attualmente di 12 (8 Deputati e 4 Senatori).<\/p>\n<p><strong>CATEGORIE DI ELETTORI<\/strong><\/p>\n<ol>\n<li>Votano all\u2019estero i\u00a0<strong>cittadini italiani residenti all\u2019estero, iscritti all\u2019AIRE e nelle liste elettorali<\/strong>, che abbiano compiuto i\u00a0<strong>18 anni<\/strong>.<\/li>\n<li>Possono votare per corrispondenza nella circoscrizione Estero, previa\u00a0<strong>opzione<\/strong>\u00a0valida per un\u2019unica consultazione elettorale,\u00a0<strong>i cittadini italiani che, per motivi di lavoro, studio o cure mediche, si trovano TEMPORANEAMENTE, per un periodo di almeno tre mesi nel quale ricade la data di svolgimento della medesima consultazione elettorale<\/strong>, in un Paese estero in cui non sono anagraficamente residenti ai sensi della legge 27 ottobre 1988, n. 470. Con le stesse modalit\u00e0 possono votare i familiari conviventi con i predetti connazionali. L\u2019opzione sottoscritta dall\u2019elettore e corredata di copia di valido documento di identit\u00e0, deve pervenire al\u00a0<strong>comune di iscrizione elettorale<\/strong>\u00a0(e NON quindi agli uffici consolari)\u00a0<strong>entro il trentaduesimo giorno antecedente la data di svolgimento della consultazione elettorale in Italia<\/strong>. La richiesta \u00e8 revocabile entro il medesimo termine ed \u00e8 valida per un\u2019unica consultazione.<\/li>\n<\/ol>\n<p>Maggiori informazioni <a href=\"https:\/\/www.esteri.it\/it\/servizi-consolari-e-visti\/italiani-all-estero\/votoestero\/elezionipolitiche\/\">qui<\/a><\/p>\n","protected":false},"excerpt":{"rendered":"REFERENDUM ABROGATIVI DELL\u201908-09\/06\/2025\u00a0 Se non hai ricevuto il plico elettorale potrai richiedere un duplicato a partire dal 25 maggio 2025. Clicca qui per sapere come fare. Clicca qui per scaricare le istruzioni per votare. Per cosa si vota? Con i Decreti del Presidente della Repubblica del 31\/03 2025, pubblicati nella Gazzetta Ufficiale, Serie Generale, n. [&hellip;]","protected":false},"author":3,"featured_media":0,"parent":88,"menu_order":5,"comment_status":"closed","ping_status":"closed","template":"","meta":{"footnotes":""},"class_list":["post-376","page","type-page","status-publish","hentry"],"_links":{"self":[{"href":"https:\/\/consbahiablanca.esteri.it\/it\/wp-json\/wp\/v2\/pages\/376","targetHints":{"allow":["GET"]}}],"collection":[{"href":"https:\/\/consbahiablanca.esteri.it\/it\/wp-json\/wp\/v2\/pages"}],"about":[{"href":"https:\/\/consbahiablanca.esteri.it\/it\/wp-json\/wp\/v2\/types\/page"}],"author":[{"embeddable":true,"href":"https:\/\/consbahiablanca.esteri.it\/it\/wp-json\/wp\/v2\/users\/3"}],"replies":[{"embeddable":true,"href":"https:\/\/consbahiablanca.esteri.it\/it\/wp-json\/wp\/v2\/comments?post=376"}],"version-history":[{"count":6,"href":"https:\/\/consbahiablanca.esteri.it\/it\/wp-json\/wp\/v2\/pages\/376\/revisions"}],"predecessor-version":[{"id":12758,"href":"https:\/\/consbahiablanca.esteri.it\/it\/wp-json\/wp\/v2\/pages\/376\/revisions\/12758"}],"up":[{"embeddable":true,"href":"https:\/\/consbahiablanca.esteri.it\/it\/wp-json\/wp\/v2\/pages\/88"}],"wp:attachment":[{"href":"https:\/\/consbahiablanca.esteri.it\/it\/wp-json\/wp\/v2\/media?parent=376"}],"curies":[{"name":"wp","href":"https:\/\/api.w.org\/{rel}","templated":true}]}}