{"id":39,"date":"2023-04-03T19:16:29","date_gmt":"2023-04-03T17:16:29","guid":{"rendered":"https:\/\/consolatozurigo.esteri.it\/?page_id=39"},"modified":"2026-03-18T08:48:35","modified_gmt":"2026-03-18T11:48:35","slug":"la-rete-consolare","status":"publish","type":"page","link":"https:\/\/consbahiablanca.esteri.it\/it\/chi-siamo\/la-rete-consolare\/","title":{"rendered":"La Rete Consolare"},"content":{"rendered":"<div class=\"entry-content\">\n<p><strong>Circoscrizione consolare del Consolato Generale d\u2019Italia in Bah\u00eda Blanca<\/strong>: le Provincie di Chubut, La Pampa, Neuqu\u00e9n, R\u00edo Negro, Santa Cruz, Tierra del Fuego e le seguenti Entit\u00e0 amministrative (Partidos) della Provincia di Buenos Aires: Adolfo Alsina, Bah\u00eda Blanca, Coronel Dorrego, Monte Hermoso, Coronel Pringles, Coronel Rosales, Coronel Su\u00e1rez, Daireaux, Adolfo Gonzales Chaves, Guamin\u00ed, Patagones, Pu\u00e1n, Saavedra, Tornquist, Tres Arroyos, Villarino.<\/p>\n<p><strong>Provincia di Buenos Aires:<\/strong><\/p>\n<p><strong>TRES ARROYOS<\/strong><br \/>\nCorrispondente consolare onorario: Rosana Beatriz FUSARO<\/p>\n<p><a href=\"mailto:corrispondente.tresarroyos.it@gmail.com\">corrispondente.tresarroyos.it@gmail.com<\/a><\/p>\n<p class=\"x_MsoNormal\">Riceve il Marted\u00ec ore 15.00 \u2013 18.00 con appuntamento per email o whatsapp (obbligatorio indicare nome, DNI, se possiede cittadinanza italiana, motivo della consultazione). Risponde\u00a0a messaggi su WhatsApp e chiamate al mattino.<\/p>\n<p>A gennaio i ricevimenti sono sospesi.<\/p>\n<p>Tel. +54 2983 642427<\/p>\n<p><a href=\"https:\/\/consbahiablanca.esteri.it\/wp-content\/uploads\/2024\/01\/Decreto-nomina-Tres-Arroyos-Fusaro.pdf\">Decreto di nomina<\/a><\/p>\n<p><strong>MONTE HERMOSO<\/strong><br \/>\nCorrispondente consolare onorario: Romina PLIACONIS<\/p>\n<p><a href=\"mailto:rominapliaconis@hotmail.com\">rominapliaconis@hotmail.com<\/a><\/p>\n<p><a href=\"https:\/\/consbahiablanca.esteri.it\/wp-content\/uploads\/2023\/09\/PLIACONIS-SITO.pdf\">Funzioni Nomina<\/a><\/p>\n<p><strong>CORONEL SU\u00c1REZ<\/strong><\/p>\n<p>Corrispondente consolare onorario: Martin ROSSI<\/p>\n<p><span class=\"x1lliihq x1plvlek xryxfnj x1n2onr6 xyejjpt x15dsfln x193iq5w xeuugli x1fj9vlw x13faqbe x1vvkbs x1s928wv xhkezso x1gmr53x x1cpjm7i x1fgarty x1943h6x x1i0vuye xvs91rp x1s688f x5n08af x10wh9bi xpm28yp x8viiok x1o7cslx\" dir=\"auto\">Asociaci\u00f3n Italiana de S. M. e I. \u201cLuciano Manara\u201d, Cnel. Su\u00e1rez<\/span>, Mitre 1263<\/p>\n<p>giorni e orari di ricevimento: in aggiornamento<\/p>\n<p><a href=\"mailto:corrispondente.suarez.it@gmail.com\">corrispondente.cs.it@gmail.com<\/a><\/p>\n<p><a href=\"https:\/\/consbahiablanca.esteri.it\/wp-content\/uploads\/2025\/09\/decreto-nomina-CCO-Coronel-Suarez.pdf\">Decreto di Nomina<\/a><\/p>\n<p>&nbsp;<\/p>\n<p><strong>Provincia di Chubut:<\/strong><\/p>\n<p><strong>PUERTO MADRYN<\/strong><br \/>\nAgente\u00a0Consolare onorario: Fabiana Andrea SCICOLONE \u2013 25 de mayo 226 \u2013 9120 PUERTO MADRYN<\/p>\n<p>Marted\u00ec e\u00a0Gioved\u00ec\u00a017.30 \u2013 19.00<br \/>\nTel. 0280 \u2013 4453369 fax:471318<\/p>\n<p><a href=\"mailto:agenciaconsularitaliapm@gmail.com\">agenciaconsularitaliapm@gmail.com<\/a><br \/>\n<a href=\"mailto:puertomadryn.onorario@esteri.it\">puertomadryn.onorario@esteri.it<\/a><\/p>\n<\/div>\n<p>ATTENZIONE! L&#8217;ufficio non sara&#8217; operativo gioved\u00ec 19 marzo e durante la settimana del 23 marzo.<\/p>\n<div class=\"entry-content\">\n<p><a href=\"https:\/\/consbahiablanca.esteri.it\/wp-content\/uploads\/2023\/09\/SCICOLONE-SITO.pdf\">Funzioni Nomina<\/a><\/p>\n<p><strong>TRELEW<br \/>\n<\/strong>Corrispondente Consolare onorario: Natalia DONATI<br \/>\n<a href=\"http:\/\/onoraria.trelew@gmail.com\">onoraria.trelew@gmail.com<\/a><br \/>\nAppuntamenti passaporti per minori di 12 anni &#8211; +39 393 753 4154<\/p>\n<p>Luned\u00ec a Venerd\u00ec dalle ore 10 alle ore 12 con turno via WA<\/p>\n<p>A. P. Bell 366 1er piso &#8211; Oficina 1 (Trelew)<\/p>\n<p><a href=\"https:\/\/consbahiablanca.esteri.it\/wp-content\/uploads\/2023\/09\/DONATI-SITO.pdf\">Funzioni Nomina<\/a><\/p>\n<p><strong>Provincia di La Pampa:<\/strong><br \/>\n<strong><br \/>\nSANTA ROSA <\/strong><\/p>\n<p>Vice Console onorario: Dr. Santiago Martin LORDA CALLIARI \u2013 Pellegrini 444 \u2013 6300 Santa Rosa<\/p>\n<p>Tel. fax 02954 683250<\/p>\n<p>Luned\u00ec 10.00 \u2013 12.00 telefonicamente<\/p>\n<p>Gioved\u00ec 12.00 \u2013 14.00 con appuntamento\u00a0per whatsapp al 2954683250 (devono indicare nome, DNI, se \u00e8 cittadino\u00a0italiano, motivo della consultazione)<\/p>\n<p><a href=\"mailto:santarosa.onorario@esteri.it\">santarosa.onorario@esteri.it<\/a><\/p>\n<p><a href=\"https:\/\/consbahiablanca.esteri.it\/wp-content\/uploads\/2026\/02\/GU-33-Santa-Rosa-10.02.2026-Decreto-limitazione-funzioni-consolari.pdf\">Funzioni Nomina<\/a><\/p>\n<p><strong>Provincia di Santa Cruz:<\/strong><\/p>\n<p><strong>RIO GALLEGOS<\/strong><br \/>\nCorrispondente consolare onorario: Miguel GROSSUD \u2013 Luciano Carrera 1225 \u2013 9400 Rio Gallegos<br \/>\nTel . 02966 426085 \u2013 02966 15476072<br \/>\n<a href=\"mailto:miguelgrossud@hotmail.com\">miguel.grossud@gmail.com<\/a><\/p>\n<p><a href=\"https:\/\/consbahiablanca.esteri.it\/wp-content\/uploads\/2023\/09\/GROSSUD-SITO.pdf\">Funzioni Nomina<\/a><\/p>\n<p><strong>Provincia di Rio Negro:<\/strong><\/p>\n<p><strong>VIEDMA<\/strong><br \/>\nVice Console onorario: Victor Hugo BAZANI \u2013 Gallardo n. 17 \u2013 8500 \u2013 Viedma<br \/>\nTel. 02920 423328<br \/>\nluned\u00ec e marted\u00ec dalle 19.00 alle 20.30.<br \/>\n<a href=\"mailto:vitrubazani@yahoo.com.ar\">vitrubazani@yahoo.com.ar<\/a><\/p>\n<p><a href=\"https:\/\/consbahiablanca.esteri.it\/wp-content\/uploads\/2023\/09\/BAZANI-SITO.pdf\">Funzioni Nomina<\/a><\/p>\n<p><strong>GENERAL ROCA<\/strong><br \/>\nCorrispondente consolare onorario: Teresa Maria A. TALEVI \u2013 Sarmiento 1742 \u2013 8332 ROCA.<br \/>\nTel.fax 0298-4423596<br \/>\nmarted\u00ec e gioved\u00ec dalle 9.00 alle 12.00<\/p>\n<p><a href=\"mailto:teresatalevi48@gmail.com\">teresatalevi48@gmail.com<\/a><\/p>\n<p><a href=\"https:\/\/consbahiablanca.esteri.it\/wp-content\/uploads\/2023\/09\/TALEVI-SITO.pdf\">Funzioni Nomina<\/a><\/p>\n<p><strong>VILLA REGINA<\/strong><\/p>\n<p>Corrispondente consolare onorario: Walter An\u00edbal VENTURA<\/p>\n<p><a href=\"mailto:corrispondente.villaregina.it@gmail.com\">corrispondente.villaregina.it@gmail.com<\/a><\/p>\n<p>tel. +54 9 298 489 9699<\/p>\n<p>riceve il giovedi dalle 18.00 alle 21.00hs<\/p>\n<p>indirizzo: Avda. Rivadavia n. 71 \u2013 Distrito CoWorking \u00a0, Villa Regina<\/p>\n<p><a href=\"https:\/\/consbahiablanca.esteri.it\/wp-content\/uploads\/2024\/01\/Decreto-nomina-Villa-Regina-Ventura.pdf\">Decreto di nomina<\/a><\/p>\n<p><strong>Provincia di Neuqu\u00e9n:<\/strong><\/p>\n<p><strong>NEUQU\u00c9N<\/strong><\/p>\n<p>Corrispondente Consolare Onorario: Marcelo J. MEDORI &#8211; San Antonio n. 162 (Neuqu\u00e9n)<\/p>\n<p>si riceve su appuntamento &#8211; scrivere a <a href=\"mailto:corrispondente.neuquen.it@gmail.com\">corrispondente.neuquen.it@gmail.com<\/a><\/p>\n<p><a href=\"https:\/\/consbahiablanca.esteri.it\/wp-content\/uploads\/2024\/01\/Decreto-nomina-Neuquen-Medori-1.pdf\">Decreto di nomina<\/a><\/p>\n<p><strong>Provincia di Tierra del Fuego<\/strong>:<\/p>\n<p><strong>USHUAIA<\/strong><\/p>\n<p>Agente Consolare Onorario: Moreno SALVATORE \u2013 Los Salesianos 3537 \u2013 9410 (Ushuaia)<br \/>\nSi riceve su appuntamento il marted\u00ec.<br \/>\nCell. +54 9 2901 501794 \u2013 <a>ushuaia.onorario@esteri.it<\/a><\/p>\n<p><a href=\"https:\/\/consbahiablanca.esteri.it\/wp-content\/uploads\/2023\/12\/Moreno-Salvatore-Ushuaia-Decreto-limitazione-funzioni-consolari.pdf\">Funzioni nomina<\/a><\/p>\n<\/div>\n","protected":false},"excerpt":{"rendered":"Circoscrizione consolare del Consolato Generale d\u2019Italia in Bah\u00eda Blanca: le Provincie di Chubut, La Pampa, Neuqu\u00e9n, R\u00edo Negro, Santa Cruz, Tierra del Fuego e le seguenti Entit\u00e0 amministrative (Partidos) della Provincia di Buenos Aires: Adolfo Alsina, Bah\u00eda Blanca, Coronel Dorrego, Monte Hermoso, Coronel Pringles, Coronel Rosales, Coronel Su\u00e1rez, Daireaux, Adolfo Gonzales Chaves, Guamin\u00ed, Patagones, Pu\u00e1n, [&hellip;]","protected":false},"author":1,"featured_media":0,"parent":13,"menu_order":12,"comment_status":"closed","ping_status":"closed","template":"","meta":{"footnotes":""},"class_list":["post-39","page","type-page","status-publish","hentry"],"_links":{"self":[{"href":"https:\/\/consbahiablanca.esteri.it\/it\/wp-json\/wp\/v2\/pages\/39","targetHints":{"allow":["GET"]}}],"collection":[{"href":"https:\/\/consbahiablanca.esteri.it\/it\/wp-json\/wp\/v2\/pages"}],"about":[{"href":"https:\/\/consbahiablanca.esteri.it\/it\/wp-json\/wp\/v2\/types\/page"}],"author":[{"embeddable":true,"href":"https:\/\/consbahiablanca.esteri.it\/it\/wp-json\/wp\/v2\/users\/1"}],"replies":[{"embeddable":true,"href":"https:\/\/consbahiablanca.esteri.it\/it\/wp-json\/wp\/v2\/comments?post=39"}],"version-history":[{"count":8,"href":"https:\/\/consbahiablanca.esteri.it\/it\/wp-json\/wp\/v2\/pages\/39\/revisions"}],"predecessor-version":[{"id":13106,"href":"https:\/\/consbahiablanca.esteri.it\/it\/wp-json\/wp\/v2\/pages\/39\/revisions\/13106"}],"up":[{"embeddable":true,"href":"https:\/\/consbahiablanca.esteri.it\/it\/wp-json\/wp\/v2\/pages\/13"}],"wp:attachment":[{"href":"https:\/\/consbahiablanca.esteri.it\/it\/wp-json\/wp\/v2\/media?parent=39"}],"curies":[{"name":"wp","href":"https:\/\/api.w.org\/{rel}","templated":true}]}}