{"id":401,"date":"2023-05-24T21:07:54","date_gmt":"2023-05-24T19:07:54","guid":{"rendered":"https:\/\/consbahiablanca.esteri.it\/?page_id=401"},"modified":"2023-09-26T20:54:16","modified_gmt":"2023-09-26T18:54:16","slug":"reclami","status":"publish","type":"page","link":"https:\/\/consbahiablanca.esteri.it\/it\/servizi-consolari-e-visti\/servizi-per-il-cittadino-italiano\/reclami\/","title":{"rendered":"Reclami"},"content":{"rendered":"<div>\n<p>Cara\/o utente,<\/p>\n<p>prima di contattare questo Consolato Generale per chiedere informazioni o prima di prenotare un appuntamento per i servizi consolari offerti, La preghiamo di leggere con attenzione TUTTE le informazioni contenute in questo sito, al fine di evitare inutili fraintendimenti o perdite di tempo.<\/p>\n<p><strong>IMPORTANTE: al di fuori del personale impiegato presso questo Consolato Generale e degli Uffici onorari dislocati nel territorio, nessuno \u00e8 autorizzato a dare informazioni o consulenze circa i servizi consolari offerti.<\/strong><\/p>\n<p>Il Consolato Generale intende fornire i propri servizi in maniera educata ed efficiente.<br \/>\nQualora la nostra utenza non fosse soddisfatta del servizio ricevuto o intendesse comunicarci una lamentela, pu\u00f2 scriverci ai recapiti abituali (av. Al\u00e9m 309 &#8211; 8000 &#8211; Bah\u00eda Blanca &#8211; prov. Bs As &#8211; Argentina; <a href=\"mailto:consolato.bahiablanca@esteri.it\">consolato.bahiablanca@esteri.it<\/a>), indirizzando la comunicazione al Console Generale, che cercher\u00e0 di risolvere il problema.<br \/>\nIl Console Generale svolger\u00e0 gli accertamenti necessari in relazione alla segnalazione.<\/p>\n<p>Grazie.<\/p>\n<\/div>\n","protected":false},"excerpt":{"rendered":"Cara\/o utente, prima di contattare questo Consolato Generale per chiedere informazioni o prima di prenotare un appuntamento per i servizi consolari offerti, La preghiamo di leggere con attenzione TUTTE le informazioni contenute in questo sito, al fine di evitare inutili fraintendimenti o perdite di tempo. IMPORTANTE: al di fuori del personale impiegato presso questo Consolato [&hellip;]","protected":false},"author":3,"featured_media":0,"parent":59,"menu_order":45,"comment_status":"closed","ping_status":"closed","template":"","meta":{"footnotes":""},"class_list":["post-401","page","type-page","status-publish","hentry"],"_links":{"self":[{"href":"https:\/\/consbahiablanca.esteri.it\/it\/wp-json\/wp\/v2\/pages\/401","targetHints":{"allow":["GET"]}}],"collection":[{"href":"https:\/\/consbahiablanca.esteri.it\/it\/wp-json\/wp\/v2\/pages"}],"about":[{"href":"https:\/\/consbahiablanca.esteri.it\/it\/wp-json\/wp\/v2\/types\/page"}],"author":[{"embeddable":true,"href":"https:\/\/consbahiablanca.esteri.it\/it\/wp-json\/wp\/v2\/users\/3"}],"replies":[{"embeddable":true,"href":"https:\/\/consbahiablanca.esteri.it\/it\/wp-json\/wp\/v2\/comments?post=401"}],"version-history":[{"count":1,"href":"https:\/\/consbahiablanca.esteri.it\/it\/wp-json\/wp\/v2\/pages\/401\/revisions"}],"predecessor-version":[{"id":402,"href":"https:\/\/consbahiablanca.esteri.it\/it\/wp-json\/wp\/v2\/pages\/401\/revisions\/402"}],"up":[{"embeddable":true,"href":"https:\/\/consbahiablanca.esteri.it\/it\/wp-json\/wp\/v2\/pages\/59"}],"wp:attachment":[{"href":"https:\/\/consbahiablanca.esteri.it\/it\/wp-json\/wp\/v2\/media?parent=401"}],"curies":[{"name":"wp","href":"https:\/\/api.w.org\/{rel}","templated":true}]}}