{"id":896,"date":"2023-09-27T12:37:34","date_gmt":"2023-09-27T15:37:34","guid":{"rendered":"https:\/\/consbahiablanca.esteri.it\/?page_id=896"},"modified":"2025-01-20T11:32:08","modified_gmt":"2025-01-20T14:32:08","slug":"ushuaia-ottobre-2023","status":"publish","type":"page","link":"https:\/\/consbahiablanca.esteri.it\/it\/servizi-consolari-e-visti\/servizi-per-il-cittadino-italiano\/passaporti-e-carte-didentita\/ushuaia-ottobre-2023\/","title":{"rendered":"Istanze per residenti in Tierra del Fuego"},"content":{"rendered":"<p style=\"text-align: justify;\">Per i <strong>cittadini italiani residenti in Tierra del Fuego<\/strong> sar\u00e0 possibile prenotare un turno <strong>esclusivamente tramite il sistema di prenotazione \u201cPrenot@mi&#8221;<\/strong>.<\/p>\n<p style=\"text-align: justify;\">Sar\u00e0 necessario seguire le indicazioni di seguito per far s\u00ec che il turno venga confermato.<\/p>\n<p style=\"text-align: justify;\">&#8211; In fase di prenotazione andr\u00e0 caricato il DNI in entrambi i lati. In fase di controllo, nel caso la residenza non sia nella provincia di Tierra del Fuego o l\u2019indirizzo di residenza non corrisponda con quello presente nei nostri archivi l\u2019appuntamento sar\u00e0 annullato. Maggiori informazioni su come aggiornare il proprio indirizzo <a href=\"https:\/\/consbahiablanca.esteri.it\/it\/servizi-consolari-e-visti\/servizi-per-il-cittadino-italiano\/anagrafe-degli-italiani-residenti-allestero-aire\/cambio-di-residenza\/\">qui<\/a>;<\/p>\n<p style=\"text-align: justify;\">&#8211; Nel caso di incongruenze tra i dati comunicati in fase di prenotazione e i dati in possesso del Consolato l\u2019appuntamento potr\u00e0 essere annullato.<\/p>\n<p style=\"text-align: justify;\">Consigliamo, prima di prenotare un turno, di effettuare la visualizzazione della scheda anagrafica per verificare che tutte le informazioni presenti nei nostri archivi siano corrette, seguendo <a href=\"https:\/\/consbahiablanca.esteri.it\/es\/servizi-consolari-e-visti\/servizi-per-il-cittadino-italiano\/anagrafe-degli-italiani-residenti-allestero-aire\/visualizar-la-ficha-personal-del-registro-consular\/\">queste istruzioni <\/a><\/p>\n<p style=\"text-align: justify;\">Dopo aver effettuato l\u2019accesso al portale cliccare sul servizio \u201cProvincia Tierra del Fuego &#8211; Passaporti\u201d.<\/p>\n<p style=\"text-align: justify;\">Selezionare il giorno e la ora dell\u2019appuntamento scegliendo tra quelli disponibili;<\/p>\n<p>Nel caso di prenotazione effettuata per pi\u00f9 persone selezionare l&#8217;opzione &#8220;reserva multipla&#8221; ed indicare per quante persone &#8211; oltre al richiedente &#8211; si richiede un appuntamento. Nel caso di appuntamento richiesto per un minore selezionare prenotazione singola ed inserire nelle note: appuntamento richiesto per il minore <em>&#8220;cognome, nome&#8221;<\/em><\/p>\n<p style=\"text-align: justify;\">Attendere la ricezione del codice OTP ed inserirlo nell\u2019apposita casella.<\/p>\n<p style=\"text-align: justify;\">Nel caso l\u2019operazione fosse conclusa in maniera positiva ricever\u00e0 una mail con indicazioni aggiuntive relative al suo appuntamento.<\/p>\n<p style=\"text-align: justify;\">Ricordiamo che l&#8217;istanza, sia per minorenni che per maggiorenni deve essere sempre presentata in forma presenziale.<\/p>\n","protected":false},"excerpt":{"rendered":"Per i cittadini italiani residenti in Tierra del Fuego sar\u00e0 possibile prenotare un turno esclusivamente tramite il sistema di prenotazione \u201cPrenot@mi&#8221;. Sar\u00e0 necessario seguire le indicazioni di seguito per far s\u00ec che il turno venga confermato. &#8211; In fase di prenotazione andr\u00e0 caricato il DNI in entrambi i lati. In fase di controllo, nel caso [&hellip;]","protected":false},"author":3,"featured_media":0,"parent":67,"menu_order":1,"comment_status":"closed","ping_status":"closed","template":"","meta":{"footnotes":""},"class_list":["post-896","page","type-page","status-publish","hentry"],"_links":{"self":[{"href":"https:\/\/consbahiablanca.esteri.it\/it\/wp-json\/wp\/v2\/pages\/896","targetHints":{"allow":["GET"]}}],"collection":[{"href":"https:\/\/consbahiablanca.esteri.it\/it\/wp-json\/wp\/v2\/pages"}],"about":[{"href":"https:\/\/consbahiablanca.esteri.it\/it\/wp-json\/wp\/v2\/types\/page"}],"author":[{"embeddable":true,"href":"https:\/\/consbahiablanca.esteri.it\/it\/wp-json\/wp\/v2\/users\/3"}],"replies":[{"embeddable":true,"href":"https:\/\/consbahiablanca.esteri.it\/it\/wp-json\/wp\/v2\/comments?post=896"}],"version-history":[{"count":5,"href":"https:\/\/consbahiablanca.esteri.it\/it\/wp-json\/wp\/v2\/pages\/896\/revisions"}],"predecessor-version":[{"id":8680,"href":"https:\/\/consbahiablanca.esteri.it\/it\/wp-json\/wp\/v2\/pages\/896\/revisions\/8680"}],"up":[{"embeddable":true,"href":"https:\/\/consbahiablanca.esteri.it\/it\/wp-json\/wp\/v2\/pages\/67"}],"wp:attachment":[{"href":"https:\/\/consbahiablanca.esteri.it\/it\/wp-json\/wp\/v2\/media?parent=896"}],"curies":[{"name":"wp","href":"https:\/\/api.w.org\/{rel}","templated":true}]}}