{"id":96,"date":"2023-04-03T19:30:58","date_gmt":"2023-04-03T17:30:58","guid":{"rendered":"https:\/\/consolatozurigo.esteri.it\/?page_id=96"},"modified":"2025-07-29T15:13:23","modified_gmt":"2025-07-29T18:13:23","slug":"cittadinanza","status":"publish","type":"page","link":"https:\/\/consbahiablanca.esteri.it\/it\/servizi-consolari-e-visti\/servizi-per-il-cittadino-straniero\/cittadinanza\/","title":{"rendered":"Cittadinanza e Adozione"},"content":{"rendered":"<p data-start=\"94\" data-end=\"268\"><strong data-start=\"94\" data-end=\"268\">Il decreto-legge del 28 marzo 2025, n. 36, \u00e8 stato convertito con modificazioni nella legge del 23 maggio 2025, n. 74, con entrata in vigore a partire dal 24 maggio 2025.<\/strong><\/p>\n<p><em>&#8220;In deroga agli articoli 1, 2, 3, 14 e 20 della presente legge, all\u2019articolo 5 della legge 21 aprile 1983, n. 123, agli articoli 1, 2, 7, 10, 12 e 19 della legge 13 giugno 1912, n. 555, nonch\u00e9 agli articoli 4, 5, 7, 8 e 9 del codice civile approvato con regio decreto 25 giugno 1865, n. 2358, \u00e8 considerato non avere mai acquistato la cittadinanza italiana chi \u00e8 nato all\u2019estero anche prima della data di entrata in vigore del presente articolo ed \u00e8 in possesso di altra cittadinanza, salvo che ricorra una delle seguenti condizioni:<\/em><\/p>\n<p><em>\u00a0 \u00a0 \u00a0 \u00a0 a) lo stato di cittadino dell\u2019interessato \u00e8 riconosciuto, nel rispetto della normativa applicabile al 27 marzo 2025, a seguito di domanda, corredata della necessaria documentazione, presentata all\u2019ufficio consolare o al sindaco competenti non oltre le 23:59, ora di Roma, della medesima data;<\/em><\/p>\n<p><em>\u00a0 \u00a0 \u00a0 \u00a0 a-bis) lo stato di cittadino dell\u2019interessato \u00e8 riconosciuto, nel rispetto della normativa applicabile al 27 marzo 2025, a seguito di domanda, corredata della necessaria documentazione, presentata all\u2019ufficio consolare o al sindaco competenti nel giorno indicato da appuntamento comunicato all\u2019interessato dall\u2019ufficio competente entro le 23:59, ora di Roma, della medesima data del 27 marzo 2025;<\/em><\/p>\n<p><em>\u00a0 \u00a0 \u00a0 \u00a0 b) lo stato di cittadino dell\u2019interessato \u00e8 accertato giudizialmente, nel rispetto della normativa applicabile al 27 marzo 2025, a seguito di domanda giudiziale presentata non oltre le 23:59, ora di Roma, della medesima data;<\/em><\/p>\n<p><em>\u00a0 \u00a0 \u00a0 \u00a0 c) un ascendente di primo o di secondo grado possiede, o possedeva al momento della morte, esclusivamente la cittadinanza italiana;<\/em><\/p>\n<p><em>\u00a0 \u00a0 \u00a0 \u00a0 d) un genitore o adottante \u00e8 stato residente in Italia per almeno due anni continuativi successivamente all\u2019acquisto della cittadinanza italiana e prima della data di nascita o di adozione del figlio.&#8221;<\/em><\/p>\n<hr data-start=\"2068\" data-end=\"2071\" \/>\n<p data-start=\"2073\" data-end=\"2198\"><strong data-start=\"2073\" data-end=\"2198\">Pertanto, in base alla nuova Legge n. 91 del 1992, \u00e8 riconosciuto come cittadino italiano <em>iure sanguinis<\/em> (dalla nascita):<\/strong><\/p>\n<ul data-start=\"2200\" data-end=\"2490\">\n<li data-start=\"2200\" data-end=\"2252\">\n<p data-start=\"2202\" data-end=\"2252\">il richiedente <strong>nato in Italia<\/strong> in qualsiasi data;<\/p>\n<\/li>\n<li data-start=\"2253\" data-end=\"2378\">\n<p data-start=\"2255\" data-end=\"2378\">il richiedente che possiede esclusivamente la cittadinanza italiana, <strong>ossia che non ha e non pu\u00f2 avere altra cittadinanza<\/strong>;<\/p>\n<\/li>\n<li data-start=\"2379\" data-end=\"2490\">\n<p data-start=\"2381\" data-end=\"2490\">il richiedente che rientra in <strong>uno dei casi<\/strong> indicati <strong>alle lettere a), a-bis), b), c) e d) dell\u2019articolo 3-bis<\/strong>.<\/p>\n<\/li>\n<\/ul>\n<p data-start=\"2492\" data-end=\"2536\">Alla luce della nuova legge, si precisa che:<\/p>\n<p data-start=\"2538\" data-end=\"2889\"><strong data-start=\"2538\" data-end=\"2739\">1. Solo le domande presentate prima delle ore 23:59 (ora italiana, 19:59 in Argentina) del 27 marzo 2025, accompagnate dalla documentazione necessaria, sono disciplinate dalla <a href=\"https:\/\/consbahiablanca.esteri.it\/wp-content\/uploads\/2025\/04\/Cittadinanza-per-ricostruzione-Normativa-applicabile-fino-al-Decr-Leg-36_2025-it.pdf\">normativa precedente<\/a>.<\/strong><\/p>\n<p data-start=\"2538\" data-end=\"2889\">Tali domande (punto 1) sono esclusivamente quelle consegnate al Consolato Generale prima della data e ora indicate, con la documentazione completa.<\/p>\n<p data-start=\"2891\" data-end=\"3476\"><strong data-start=\"2891\" data-end=\"3209\">2. Solo le domande, accompagnate dalla documentazione necessaria, presentate presso l\u2019ufficio consolare nel giorno indicato da un appuntamento confermato all\u2019interessato dall\u2019ufficio competente prima delle ore 23:59 (ora di Roma, 19:59 in Argentina) del 27 marzo 2025, sono disciplinate dalla <a href=\"https:\/\/consbahiablanca.esteri.it\/wp-content\/uploads\/2025\/04\/Cittadinanza-per-ricostruzione-Normativa-applicabile-fino-al-Decr-Leg-36_2025-it.pdf\">normativa precedente<\/a>.<\/strong><br data-start=\"3209\" data-end=\"3212\" \/>Tali domande (punto 2) sono esclusivamente quelle consegnate al Consolato Generale, con la documentazione completa, nella data indicata nell\u2019appuntamento comunicato all\u2019interessato via e-mail attraverso il sistema \u201cPrenot@mi\u201d prima della data e ora sopra indicate.<\/p>\n<p data-start=\"3478\" data-end=\"3563\"><strong data-start=\"3478\" data-end=\"3563\">3. In ogni altra circostanza, le domande sono disciplinate dalla nuova normativa.<\/strong><\/p>\n<hr data-start=\"3565\" data-end=\"3568\" \/>\n<p data-start=\"3570\" data-end=\"3673\"><strong data-start=\"3570\" data-end=\"3673\">Documentazione richiesta secondo la Circolare K.28.1 dell\u20198 aprile 1991 del Ministero dell\u2019Interno:<\/strong><\/p>\n<ol data-start=\"3675\" data-end=\"4755\">\n<li data-start=\"3675\" data-end=\"3797\">\n<p data-start=\"3678\" data-end=\"3797\">Estratto dell\u2019atto di nascita dell\u2019antenato italiano emigrato all\u2019estero, rilasciato dal Comune italiano dove \u00e8 nato;<\/p>\n<\/li>\n<li data-start=\"3798\" data-end=\"3952\">\n<p data-start=\"3801\" data-end=\"3952\">Atti di nascita, con traduzione ufficiale in italiano, di tutti i discendenti in linea retta, incluso quello della persona che presenta la richiesta;<\/p>\n<\/li>\n<li data-start=\"3953\" data-end=\"4083\">\n<p data-start=\"3956\" data-end=\"4083\">Atto di matrimonio dell\u2019antenato italiano emigrato all\u2019estero, con traduzione ufficiale in italiano se rilasciato all\u2019estero;<\/p>\n<\/li>\n<li data-start=\"4084\" data-end=\"4184\">\n<p data-start=\"4087\" data-end=\"4184\">Atti di matrimonio dei discendenti in linea retta, incluso quello dei genitori del richiedente;<\/p>\n<\/li>\n<li data-start=\"4185\" data-end=\"4458\">\n<p data-start=\"4188\" data-end=\"4458\">Certificato rilasciato dalle autorit\u00e0 competenti dello Stato estero di emigrazione, con traduzione ufficiale in italiano, che attesti che l\u2019antenato italiano non ha acquisito la cittadinanza del paese di emigrazione prima della nascita dell\u2019ascendente del richiedente;<\/p>\n<\/li>\n<li data-start=\"4459\" data-end=\"4726\">\n<p data-start=\"4462\" data-end=\"4726\">Certificato rilasciato dall\u2019autorit\u00e0 consolare italiana competente che attesti che n\u00e9 gli ascendenti in linea retta n\u00e9 il richiedente hanno mai rinunciato alla cittadinanza italiana, secondo quanto disposto dall\u2019articolo 7 della legge del 13 giugno 1912, n. 555;<\/p>\n<\/li>\n<li data-start=\"4727\" data-end=\"4755\">\n<p data-start=\"4730\" data-end=\"4755\">Certificato di residenza.<\/p>\n<\/li>\n<\/ol>\n<p data-start=\"4757\" data-end=\"4842\">Ai fini dell\u2019applicazione della <strong data-start=\"4757\" data-end=\"4842\">nuova normativa<\/strong>, <span style=\"text-decoration: underline;\">dovr\u00e0 inoltre essere presentata<\/span>:<\/p>\n<p data-start=\"4844\" data-end=\"4940\">\u2022 Per dimostrare il possesso esclusivo della cittadinanza italiana (a titolo esemplificativo):<\/p>\n<ul data-start=\"4941\" data-end=\"5087\">\n<li data-start=\"4941\" data-end=\"4982\">\n<p data-start=\"4943\" data-end=\"4982\">Certificati negativi di cittadinanza;<\/p>\n<\/li>\n<li data-start=\"4983\" data-end=\"5031\">\n<p data-start=\"4985\" data-end=\"5031\">Dichiarazioni di rinuncia alla cittadinanza;<\/p>\n<\/li>\n<li data-start=\"5032\" data-end=\"5087\">\n<p data-start=\"5034\" data-end=\"5087\">Certificati di non iscrizione nelle liste elettorali;<\/p>\n<\/li>\n<\/ul>\n<p data-start=\"5089\" data-end=\"5164\">\u2022 Per dimostrare la residenza in Italia per almeno due anni continuativi:<\/p>\n<ul data-start=\"5165\" data-end=\"5233\">\n<li data-start=\"5165\" data-end=\"5233\">\n<p data-start=\"5167\" data-end=\"5233\">Certificato storico di residenza (rilasciato dal comune italiano).<\/p>\n<\/li>\n<\/ul>\n<p>Altre informazioni sulla sezione &#8220;Ricostruzione&#8221; (in alto a destra).<\/p>\n<hr data-start=\"5235\" data-end=\"5238\" \/>\n<p data-start=\"5240\" data-end=\"5253\"><strong data-start=\"5240\" data-end=\"5253\">Pagamento<\/strong><\/p>\n<p data-start=\"5255\" data-end=\"5600\">Il pagamento deve essere effettuato <strong data-start=\"5291\" data-end=\"5356\">non prima delle 48 ore precedenti alla data dell\u2019appuntamento<\/strong>, esclusivamente tramite <strong data-start=\"5381\" data-end=\"5421\">bonifico bancario in pesos argentini<\/strong> per l\u2019importo vigente alla data dell\u2019appuntamento.<br data-start=\"5472\" data-end=\"5475\" \/>L\u2019importo aggiornato pu\u00f2 essere consultato al seguente link: <a href=\"https:\/\/consbahiablanca.esteri.it\/it\/servizi-consolari-e-visti\/servizi-per-il-cittadino-italiano\/tariffe-consolari\/\"><strong data-start=\"5536\" data-end=\"5600\">Tariffe consolari \u2013 Consolato Generale d\u2019Italia Bah\u00eda Blanca<\/strong><\/a><\/p>\n<hr data-start=\"5602\" data-end=\"5605\" \/>\n<p data-start=\"5607\" data-end=\"5764\">Attraverso i collegamenti a destra, \u00e8 possibile accedere alle informazioni relative ad altre modalit\u00e0 specifiche di acquisizione della cittadinanza italiana:<\/p>\n<p data-start=\"5766\" data-end=\"6116\">\u2022 Ricostruzione<\/p>\n<p data-start=\"5766\" data-end=\"6116\">\u2022 Acquisizione della cittadinanza per \u201cbeneficio di legge\u201d (figli minori)<\/p>\n<p data-start=\"5766\" data-end=\"6116\">\u2022 Acquisizione della cittadinanza per figli minori conviventi con un genitore non cittadino dalla nascita<\/p>\n<p data-start=\"5766\" data-end=\"6116\">\u2022 Riacquisizione della cittadinanza<\/p>\n<p data-start=\"5766\" data-end=\"6116\">\u2022 Naturalizzazione per matrimonio<\/p>\n<p data-start=\"5766\" data-end=\"6116\">\u2022 Riconoscimento in base a leggi speciali<\/p>\n<p data-start=\"5766\" data-end=\"6116\">\u2022 Certificato di \u201cnon rinuncia\u201d<\/p>\n<p data-start=\"5766\" data-end=\"6116\">\u2022 Appuntamenti<\/p>\n","protected":false},"excerpt":{"rendered":"Il decreto-legge del 28 marzo 2025, n. 36, \u00e8 stato convertito con modificazioni nella legge del 23 maggio 2025, n. 74, con entrata in vigore a partire dal 24 maggio 2025. &#8220;In deroga agli articoli 1, 2, 3, 14 e 20 della presente legge, all\u2019articolo 5 della legge 21 aprile 1983, n. 123, agli articoli [&hellip;]","protected":false},"author":1,"featured_media":0,"parent":62,"menu_order":1,"comment_status":"closed","ping_status":"closed","template":"","meta":{"footnotes":""},"class_list":["post-96","page","type-page","status-publish","hentry"],"_links":{"self":[{"href":"https:\/\/consbahiablanca.esteri.it\/it\/wp-json\/wp\/v2\/pages\/96","targetHints":{"allow":["GET"]}}],"collection":[{"href":"https:\/\/consbahiablanca.esteri.it\/it\/wp-json\/wp\/v2\/pages"}],"about":[{"href":"https:\/\/consbahiablanca.esteri.it\/it\/wp-json\/wp\/v2\/types\/page"}],"author":[{"embeddable":true,"href":"https:\/\/consbahiablanca.esteri.it\/it\/wp-json\/wp\/v2\/users\/1"}],"replies":[{"embeddable":true,"href":"https:\/\/consbahiablanca.esteri.it\/it\/wp-json\/wp\/v2\/comments?post=96"}],"version-history":[{"count":8,"href":"https:\/\/consbahiablanca.esteri.it\/it\/wp-json\/wp\/v2\/pages\/96\/revisions"}],"predecessor-version":[{"id":10665,"href":"https:\/\/consbahiablanca.esteri.it\/it\/wp-json\/wp\/v2\/pages\/96\/revisions\/10665"}],"up":[{"embeddable":true,"href":"https:\/\/consbahiablanca.esteri.it\/it\/wp-json\/wp\/v2\/pages\/62"}],"wp:attachment":[{"href":"https:\/\/consbahiablanca.esteri.it\/it\/wp-json\/wp\/v2\/media?parent=96"}],"curies":[{"name":"wp","href":"https:\/\/api.w.org\/{rel}","templated":true}]}}