{"id":9798,"date":"2025-05-27T11:15:21","date_gmt":"2025-05-27T14:15:21","guid":{"rendered":"https:\/\/consbahiablanca.esteri.it\/?page_id=9798"},"modified":"2026-03-05T12:30:55","modified_gmt":"2026-03-05T15:30:55","slug":"acquisto-della-cittadinanza-per-beneficio-di-legge-figli-minori-nati-allestero","status":"publish","type":"page","link":"https:\/\/consbahiablanca.esteri.it\/it\/servizi-consolari-e-visti\/servizi-per-il-cittadino-straniero\/cittadinanza\/acquisto-della-cittadinanza-per-beneficio-di-legge-figli-minori-nati-allestero\/","title":{"rendered":"Acquisto della Cittadinanza per \u201cbeneficio di legge\u201d (figli minori nati all\u2019estero)"},"content":{"rendered":"<p><strong>Normativa e requisiti<\/strong><\/p>\n<p>In due casi, previsti dal comma 1-bis dell\u2019articolo 4 della legge n. 91\/1992 e dall\u2019articolo 1, comma 1-ter della legge n. 74\/2025, i\u00a0<strong>figli minorenni nati all\u2019estero<\/strong>\u00a0da genitore cittadino che non trasmette automaticamente la cittadinanza possono acquistare la cittadinanza italiana per \u201cbeneficio di legge\u201d.<\/p>\n<p>Il\u00a0<strong>minore<\/strong>\u00a0che eventualmente ne benefici,\u00a0<strong>non<\/strong>\u00a0sar\u00e0\u00a0<strong>cittadino per nascita<\/strong>\u00a0o\u00a0<em>iure sanguinis<\/em>.<\/p>\n<p>Egli, in base all\u2019articolo 15 della legge n. 91\/1992, non acquista la <strong>cittadinanza<\/strong> dal giorno della nascita, ma <strong>dal giorno successivo alla presentazione della dichiarazione<\/strong> prevista dalla legge.<\/p>\n<p><strong>Il Primo Caso<\/strong>\u00a0<strong>(<u>comma 1-bis dell\u2019articolo 4 della legge n. 91\/1992 e successive modifiche ex comma 513 dell&#8217;art. 1 della legge di bilancio per l&#8217;anno 2026<\/u>) ISCRIZIONE ENTRO TRE ANNI DALLA NASCITA DI FIGLI NATI, O ADOTTATI, A PARTIRE DAL 24\/05\/2025<\/strong>, prevede i seguenti requisiti che devono essere posseduti\u00a0<strong>congiuntamente<\/strong>:<\/p>\n<ul>\n<li><strong>uno dei genitori \u00e8<\/strong>\u00a0<strong>cittadino\u00a0<u>per nascita<\/u>.\u00a0<\/strong>Si escludono quindi i casi di cittadini per naturalizzazione ai sensi dell\u2019articolo 9 della legge n. 91\/1992 o \u201cper beneficio di legge\u201d ai sensi dell\u2019articolo 4 della legge n. 91\/1992 o per matrimonio ai sensi dell\u2019articolo 5 della legge n. 91\/1992 o dell\u2019articolo 10 della legge n. 555\/1912 o per\u00a0<em>iuris communicatio<\/em>.<\/li>\n<li><strong><u>entrambi<\/u><\/strong>\u00a0i genitori (incluso il genitore eventualmente straniero) o il tutore presentano una\u00a0<strong>dichiarazione di volont\u00e0 di acquisto della cittadinanza entro tre anni dalla nascita<\/strong> (o dalla data successiva in cui \u00e8 stabilita la filiazione da cittadino italiano o in cui \u00e8 decisa l\u2019adozione da parte di cittadino italiano durante la minore et\u00e0 del figlio). In caso di riconoscimento della filiazione in tempi successivi da parte di genitori entrambi cittadini italiani per nascita, il termine di tre anni decorrer\u00e0 dal primo riconoscimento (perch\u00e9 gi\u00e0 il primo riconoscimento comporta la trasmissione della cittadinanza). Se invece avviene prima il riconoscimento da parte di genitore straniero (o cittadino italiano non per nascita ma ad altro titolo), il termine di tre anni sar\u00e0 computato a partire dal riconoscimento da parte del secondo genitore cittadino per nascita.<\/li>\n<li><strong>La dichiarazione di volont\u00e0 di acquisto della cittadinanza deve essere formale e avvenire di persona, alla presenza del dipendente del Consolato Generale delegato all\u2019esercizio delle funzioni di Stato Civile.<\/strong>\u00a0Se i genitori non rendono la dichiarazione contestualmente, il requisito di legge si considera soddisfatto alla data in cui \u00e8 presentata la dichiarazione del secondo genitore. Se la filiazione (anche adottiva) \u00e8 stabilita nei confronti di una sola persona (o se l\u2019altro genitore \u00e8 deceduto), sar\u00e0 sufficiente la dichiarazione di un solo genitore.<\/li>\n<\/ul>\n<p>Nel caso di stabilimento della residenza legale del minore in Italia, la dichiarazione pu\u00f2 essere presentata anche successivamente al termine di tre anni dalla nascita, ma la residenza deve perdurare per almeno due anni continuativi dopo la dichiarazione di volont\u00e0 di acquisto della cittadinanza presentata dai genitori.<\/p>\n<p><span style=\"text-decoration: underline;\">In questo Primo Caso, per le istanze presentate a partire dal 1\u00b0 gennaio 2026, la dichiarazione resa dai genitori \u00e8 gratuita.<\/span><\/p>\n<p>Per le <span style=\"text-decoration: underline;\">istanze presentate fino al 31 dicembre 2025 resta dovuto il pagamento di 250 Euro a favore del Ministero dell\u2019Interno<\/span> con bonifico bancario, con eventuali spese a carico di chi dispone il bonifico, con le modalit\u00e0 sotto indicate.<\/p>\n<p><strong>Il Secondo Caso<\/strong>\u00a0<strong>(<u>comma 1-ter dell\u2019articolo 1 del D.L. 36\/2025<\/u>)\u00a0ISCRIZIONE DI FIGLI MINORI ALLA DATA DI ENTRATA IN VIGORE DELLA LEGGE 74\/2025<\/strong>, si applica quando sussistono\u00a0<strong>tutte\u00a0<\/strong>le condizioni seguenti:<\/p>\n<ul>\n<li>persone\u00a0<strong><u>minorenni alla data di entrata in vigore della legge 74\/2025,\u00a0<\/u><\/strong>cio\u00e8 persone che non avevano compiuto il 18\u00b0 anno di et\u00e0 al\u00a0<strong>24 maggio 2025<\/strong>;<\/li>\n<li><strong>figli di cittadini\u00a0<u>per nascita<\/u><\/strong>\u00a0<strong>che si trovano nelle condizioni previste dalle lettere a), a-bis) e b) dell\u2019articolo 3-bis della legge n. 91\/1992.\u00a0<\/strong>In altri termini, i genitori devono essere riconosciuti cittadini sulla base di domanda amministrativa o giudiziale presentata entro le 23:59 (ora italiana) del 27 marzo 2025 o sulla base di domanda presentata sulla base di appuntamento comunicato dall\u2019Ufficio consolare o dal Comune entro la medesima data;<\/li>\n<li><strong><u>la dichiarazione dei genitori o del tutore deve essere presentata all\u2019Ufficio consolare entro il 31 maggio 2029. Se l\u2019interessato, minorenne alla data del 24 maggio 2025, diviene nel frattempo maggiorenne, la dichiarazione dovr\u00e0 essere presentata da lui personalmente entro il medesimo termine.<\/u><\/strong><\/li>\n<\/ul>\n<p><u>In questo Secondo Caso per le istanze presentate a partire dal 1\u00b0 gennaio 2026, la dichiarazione resa dai genitori <strong>\u00e8 gratuita<\/strong>.<\/u><\/p>\n<p><u>Per le\u00a0istanze presentate fino al 31 dicembre 2025 resta dovuto il pagamento di 250 Euro a favore del Ministero dell\u2019Interno\u00a0con bonifico bancario, <\/u>con eventuali spese a carico di chi dispone il bonifico, con le modalit\u00e0 sotto indicate.<\/p>\n<p><span style=\"text-decoration: underline;\">Di seguito i dati per disporre il bonifico<\/span>:<\/p>\n<p>\u201cMinistero dell\u2019Interno D.L.C.I Cittadinanza\u201d<br \/>\n<strong>Nome della Banca:<\/strong>\u00a0Poste Italiane S.p.A.<br \/>\n<strong>Codice IBAN:<\/strong>\u00a0IT54D0760103200000000809020<br \/>\n<strong>Causale del versamento:<\/strong> Acquisto cittadinanza per beneficio di legge [nome e cognome del minore richiedente].<br \/>\n<strong>Codice BIC\/SWIFT di Poste Italiane:<\/strong>\u00a0 BPPIITRRXXX\u00a0<strong>(per bonifici esteri)<br \/>\nCodice BIC\/SWIFT: PIBPITRA (per operazioni del circuito EUROGIRO)<\/strong><\/p>\n<p>Eventuali richieste di rimborso del pagamento di 250 euro indebitamente o erroneamente effettuato tramite bonifico al Ministero dell\u2019Interno, dovranno essere presentate al Consolato Generale d\u2019Italia a Bah\u00eda Blanca \u2013 all\u2019indirizzo <a href=\"mailto:aire.bahiablanca@esteri.it\">aire.bahiablanca@esteri.it<\/a> \u2013 utilizzando l\u2019apposito &#8220;<a href=\"https:\/\/consbahiablanca.esteri.it\/wp-content\/uploads\/2026\/01\/Modello-richiesta-rimborso-contributo-cittadinanza.pdf\">Modello-richiesta-rimborso-contributo-cittadinanza<\/a>&#8220;. Il Consolato Generale provveder\u00e0 all\u2019inoltro al competente Ministero dell\u2019Interno.<\/p>\n<p>Per ulteriori informazioni sull\u2019istanza di richiesta del rimborso, si prega di consultare la pagina web del Ministero dell\u2019Interno<\/p>\n<p><a href=\"https:\/\/libertaciviliimmigrazione.dlci.interno.gov.it\/notizie\/richiedere-il-rimborso-il-contributo-di-cittadinanza\">https:\/\/libertaciviliimmigrazione.dlci.interno.gov.it\/notizie\/richiedere-il-rimborso-il-contributo-di-cittadinanza<\/a><\/p>\n<p>Le dichiarazioni di cui ai casi precedenti dovranno essere rese di presenza in Consolato davanti al dipendente delegato alle funzioni di Stato Civile.<\/p>\n<p>A tal fine il Consolato Generale ha predisposto sul portale \u201cFast It\u201d (Stato Civile) due nuovi servizi:<\/p>\n<ul>\n<li>Atto di nascita \u2013 Art. 4, c. 1-bis L. 91\/1992<\/li>\n<li>Atto di nascita \u2013 Art. 1, c. 1-ter D.L. 36\/2025<\/li>\n<\/ul>\n<p>Nel primo servizio (\u201cAtto di nascita \u2013 Art. 4, c. 1-bis L. 91\/1992\u201d) rientrano le richieste relative al \u201c<strong><u>primo caso<\/u><\/strong>\u201d precedentemente descritto.<\/p>\n<p>Nel secondo servizio (\u201cAtto di Nascita \u2013 Art. 1 c. 1-ter D.L. 36\/2025\u201d) rientrano le richieste relative al \u201c<strong><u>secondo caso<\/u><\/strong>\u201d.\u00a0<strong><u>La scadenza perentoria di presentazione della dichiarazione, in questo secondo caso, \u00e8 il 31 maggio 2029.<\/u><\/strong><\/p>\n<p><strong><u>Documentazione a presentare<\/u><\/strong><\/p>\n<p>Documentazione necessaria per avviare la pratica di acquisto della cittadinanza per beneficio di legge, da caricare sul portale Fast-It:<\/p>\n<ol>\n<li><u><a href=\"https:\/\/consbahiablanca.esteri.it\/wp-content\/uploads\/2025\/07\/FORMULARIO-ANAGRAFICO.pdf\">Formulario anagrafico aggiornato<\/a><\/u>, compilato in ogni sua parte e firmato da entrambi i genitori (nel caso in cui non si conosca il Comune di riferimento in Italia, il relativo campo pu\u00f2 essere non completato);<\/li>\n<li>Copia di un\u00a0<strong>DNI (fronte e retro) in corso di validit\u00e0<\/strong>\u00a0<strong>di entrambi i genitori e del\/i figlio\/i<\/strong>\u00a0per cui si intende effettuare la dichiarazione d\u2019acquisto della cittadinanza;<\/li>\n<li><strong>Prova di\u00a0<u>residenza<\/u><\/strong>\u00a0in questa circoscrizione consolare: bollette dei servizi di luce, gas, telefono fisso, internet e televisione via cavo, certificati di frequenza scolastica o di corsi universitari o di istituti di formazione che rilasciano titoli riconosciuti dalle autorit\u00e0 locali, certificato di iscrizione a assicurazioni sanitarie (obra social) o fattura mensile, contratto d\u2019affitto intestato al richiedente l\u2019iscrizione\/aggiornamento o ricevute del pagamento di affitti effettuato dal richiedente, certificati di iscrizione ad albi professionali che operano nella circoscrizione consolare, busta paga o iscrizione in AFIP come lavoratore indipendente, certificati di ANSES nel caso di pensionati.<\/li>\n<\/ol>\n<p><strong>Non si accetteranno:<\/strong> Patente di guida, certificati di domicilio rilasciati da Polizia o dall\u2019Ufficio del Registro dello Stato Civile, Tasse provinciali o municipali incluse quelle relative alle autovetture (<a href=\"https:\/\/consbahiablanca.esteri.it\/wp-content\/uploads\/2025\/12\/Comprovanti-di-residenza.pdf\">comprovanti di residenza<\/a><u><\/u>)<\/p>\n<p>4.<strong> Ricevuta del pagamento di 250 Euro<\/strong> <u>(nel Primo e Secondo Caso solo per le istanze presentate fino al 31 dicembre 2025)<\/u> effettuato a beneficio del Ministero dell\u2019Interno (si ricorda che, in caso di effettuare dichiarazioni per pi\u00f9 figli, va effettuato un pagamento per ogni minore);<\/p>\n<p>5.<strong> Atto di nascita originale del minore, apostillato e tradotto in italiano;<\/strong><\/p>\n<p>6.<u><\/u><strong> <u>SOLO per i connazionali residenti che hanno ricostruito\/ottenuto la cittadinanza italiana presso questo Consolato Generale<\/u>:<\/strong>\u00a0<a href=\"https:\/\/consbahiablanca.esteri.it\/wp-content\/uploads\/2025\/06\/dichiarazione-sostitutiva-di-certificazione-facsimile.docx\">dichiarazione sostitutiva di certificazione<\/a> effettuata da uno dei genitori dichiaranti con la quale il medesimo dichiara di essere cittadino italiano dalla nascita regolarmente registrato presso la circoscrizione consolare di questo Consolato Generale. La dichiarazione\u00a0<strong><u>verr\u00e0 verificata<\/u><\/strong> dall\u2019Ufficio prima di convocare i genitori per effettuare la dichiarazione;<\/p>\n<p>7. <strong><u>SOLO per i connazionali residenti che NON hanno ricostruito\/ottenuto la cittadinanza italiana presso questo Consolato Generale<\/u>:<\/strong>\u00a0<strong>atto di nascita integrale oppure certificato di cittadinanza in cui si riporti lo status di cittadino italiano per nascita<\/strong>\u00a0di uno dei genitori dichiaranti, cittadino per nascita, da richiedere al Comune o al Consolato dove si \u00e8 ottenuta\/ricostruita la cittadinanza italiana e\u00a0<strong>documentazione aggiuntiva<\/strong> comprovante che il medesimo genitore \u00e8 cittadino italiano ai sensi dell\u2019articolo 3-bis, comma 1, lettere a), a-bis) o b), della legge 5 febbraio 1992, n. 91 (es. provvedimento amministrativo di riconoscimento della cittadinanza anteriore al 28 marzo 2025; prova dell\u2019appuntamento per il servizio di ricostruzione della cittadinanza concesso con comunicazione antecedente al 28 marzo 2025; provvedimento giudiziale di riconoscimento della cittadinanza emesso prima del 28 marzo 2025); se l&#8217;interessato non \u00e8 in possesso dell&#8217;atto di nascita oppure del certificato di nascita, \u00e8 possibile presentare una <a href=\"https:\/\/consbahiablanca.esteri.it\/wp-content\/uploads\/2025\/06\/dichiarazione-sostitutiva-di-certificazione-facsimile.docx\">dichiarazione sostitutiva di certificazione<\/a> in cui si dichiara la Sede Consolare o il Comune italiano dove \u00e8 stata ricostruita la cittadinanza.<\/p>\n<p>8. <u>Nel caso in cui uno dei due genitori sia deceduto<\/u>:\u00a0<strong>atto di morte\u00a0<\/strong>del defunto. Se il deceduto \u00e8 il cittadino italiano, l\u2019atto di morte dovr\u00e0 essere tradotto all\u2019italiano.<\/p>\n<p>Una volta correttamente caricata tutta la documentazione, <strong>l\u2019Ufficio <\/strong>la analizzer\u00e0 e, verificatane la completezza, <strong>invier\u00e0 una comunicazione ai richiedenti per recarsi personalmente in Consolato e per procedere alla firma<\/strong> della dichiarazione.<\/p>\n<p><strong><u>Entrambi i genitori dovranno venire presenzialmente e firmare la dichiarazione di volont\u00e0 di acquisto della cittadinanza italiana a beneficio del\/i figlio\/i minorenne\/i dinanzi al funzionario consolare appositamente delegato<\/u><\/strong>.<\/p>\n<p>Si precisa che, nel caso in cui all\u2019appuntamento dovesse mancare uno dei due genitori,\u00a0<u>la procedura si concluder\u00e0 soltanto al momento della firma della dichiarazione da parte del secondo genitore (il minore acquisir\u00e0 la cittadinanza italiana dal giorno successivo alla seconda dichiarazione)<\/u>.<\/p>\n<p>Nel caso in cui il figlio minorenne alla data del 24 maggio 2025 sia divenuto nel frattempo maggiorenne (ovvero che abbia compiuto il diciottesimo anno di et\u00e0 tra il 25 maggio 2025 e il 31 maggio 2026) <u>dovr\u00e0 effettuare la dichiarazione personalmente<\/u>.<\/p>\n","protected":false},"excerpt":{"rendered":"Normativa e requisiti In due casi, previsti dal comma 1-bis dell\u2019articolo 4 della legge n. 91\/1992 e dall\u2019articolo 1, comma 1-ter della legge n. 74\/2025, i\u00a0figli minorenni nati all\u2019estero\u00a0da genitore cittadino che non trasmette automaticamente la cittadinanza possono acquistare la cittadinanza italiana per \u201cbeneficio di legge\u201d. Il\u00a0minore\u00a0che eventualmente ne benefici,\u00a0non\u00a0sar\u00e0\u00a0cittadino per nascita\u00a0o\u00a0iure sanguinis. Egli, in [&hellip;]","protected":false},"author":5,"featured_media":0,"parent":96,"menu_order":1,"comment_status":"closed","ping_status":"closed","template":"","meta":{"footnotes":""},"class_list":["post-9798","page","type-page","status-publish","hentry"],"_links":{"self":[{"href":"https:\/\/consbahiablanca.esteri.it\/it\/wp-json\/wp\/v2\/pages\/9798","targetHints":{"allow":["GET"]}}],"collection":[{"href":"https:\/\/consbahiablanca.esteri.it\/it\/wp-json\/wp\/v2\/pages"}],"about":[{"href":"https:\/\/consbahiablanca.esteri.it\/it\/wp-json\/wp\/v2\/types\/page"}],"author":[{"embeddable":true,"href":"https:\/\/consbahiablanca.esteri.it\/it\/wp-json\/wp\/v2\/users\/5"}],"replies":[{"embeddable":true,"href":"https:\/\/consbahiablanca.esteri.it\/it\/wp-json\/wp\/v2\/comments?post=9798"}],"version-history":[{"count":8,"href":"https:\/\/consbahiablanca.esteri.it\/it\/wp-json\/wp\/v2\/pages\/9798\/revisions"}],"predecessor-version":[{"id":13099,"href":"https:\/\/consbahiablanca.esteri.it\/it\/wp-json\/wp\/v2\/pages\/9798\/revisions\/13099"}],"up":[{"embeddable":true,"href":"https:\/\/consbahiablanca.esteri.it\/it\/wp-json\/wp\/v2\/pages\/96"}],"wp:attachment":[{"href":"https:\/\/consbahiablanca.esteri.it\/it\/wp-json\/wp\/v2\/media?parent=9798"}],"curies":[{"name":"wp","href":"https:\/\/api.w.org\/{rel}","templated":true}]}}